{"id":1402,"date":"2026-04-16T09:35:43","date_gmt":"2026-04-16T09:35:43","guid":{"rendered":"https:\/\/stainmobel.com\/?page_id=1402"},"modified":"2026-04-16T09:55:48","modified_gmt":"2026-04-16T09:55:48","slug":"catalogo-etnico","status":"publish","type":"page","link":"https:\/\/stainmobel.com\/index.php\/catalogo-etnico\/","title":{"rendered":"Cat\u00e1logo \u00c9tnico"},"content":{"rendered":"\t\t<div data-elementor-type=\"wp-page\" data-elementor-id=\"1402\" class=\"elementor elementor-1402\" data-elementor-post-type=\"page\">\n\t\t\t\t<div class=\"elementor-element elementor-element-4e75d2d e-flex e-con-boxed e-con e-parent\" data-id=\"4e75d2d\" data-element_type=\"container\" data-e-type=\"container\" data-settings=\"{&quot;background_background&quot;:&quot;classic&quot;}\">\n\t\t\t\t\t<div class=\"e-con-inner\">\n\t\t\t\t<div class=\"elementor-element elementor-element-daf83e2 elementor-widget elementor-widget-heading\" data-id=\"daf83e2\" data-element_type=\"widget\" data-e-type=\"widget\" data-widget_type=\"heading.default\">\n\t\t\t\t\t<h1 class=\"elementor-heading-title elementor-size-default\">\u00c9TNICO<\/h1>\t\t\t\t<\/div>\n\t\t\t\t\t<\/div>\n\t\t\t\t<\/div>\n\t\t<div class=\"elementor-element elementor-element-07a6f03 e-con-full e-flex e-con e-parent\" data-id=\"07a6f03\" data-element_type=\"container\" data-e-type=\"container\">\n\t\t<div class=\"elementor-element elementor-element-5fcedc0 e-con-full e-flex e-con e-child\" data-id=\"5fcedc0\" data-element_type=\"container\" data-e-type=\"container\">\n\t\t\t\t<div class=\"elementor-element elementor-element-f17ab44 elementor-widget elementor-widget-heading\" data-id=\"f17ab44\" data-element_type=\"widget\" data-e-type=\"widget\" data-widget_type=\"heading.default\">\n\t\t\t\t\t<h2 class=\"elementor-heading-title elementor-size-default\">Fuerza visual<\/h2>\t\t\t\t<\/div>\n\t\t\t\t<div class=\"elementor-element elementor-element-4fb3c16 elementor-widget elementor-widget-heading\" data-id=\"4fb3c16\" data-element_type=\"widget\" data-e-type=\"widget\" data-widget_type=\"heading.default\">\n\t\t\t\t\t<h2 class=\"elementor-heading-title elementor-size-default\">e identidad propia<\/h2>\t\t\t\t<\/div>\n\t\t\t\t<div class=\"elementor-element elementor-element-ac00f4f elementor-widget__width-initial elementor-widget elementor-widget-text-editor\" data-id=\"ac00f4f\" data-element_type=\"widget\" data-e-type=\"widget\" data-widget_type=\"text-editor.default\">\n\t\t\t\t\t\t\t\t\t<p>\u00c9tnico es una colecci\u00f3n que introduce el car\u00e1cter de los patrones inspirados en mandalas, aportando ritmo, equilibrio y personalidad a cada espacio.<\/p>\t\t\t\t\t\t\t\t<\/div>\n\t\t\t\t<\/div>\n\t\t<div class=\"elementor-element elementor-element-45b2ea9 e-con-full e-flex e-con e-child\" data-id=\"45b2ea9\" data-element_type=\"container\" data-e-type=\"container\">\n\t\t\t\t<div class=\"elementor-element elementor-element-72ed6c1 elementor-widget elementor-widget-image\" data-id=\"72ed6c1\" data-element_type=\"widget\" data-e-type=\"widget\" data-widget_type=\"image.default\">\n\t\t\t\t\t\t\t\t\t\t\t\t\t\t\t<img fetchpriority=\"high\" decoding=\"async\" width=\"1805\" height=\"1200\" src=\"https:\/\/stainmobel.com\/wp-content\/uploads\/2026\/04\/Dormitorio-02-1A.webp\" class=\"attachment-full size-full wp-image-1431\" alt=\"\" srcset=\"https:\/\/stainmobel.com\/wp-content\/uploads\/2026\/04\/Dormitorio-02-1A.webp 1805w, https:\/\/stainmobel.com\/wp-content\/uploads\/2026\/04\/Dormitorio-02-1A-300x199.webp 300w, https:\/\/stainmobel.com\/wp-content\/uploads\/2026\/04\/Dormitorio-02-1A-1024x681.webp 1024w, https:\/\/stainmobel.com\/wp-content\/uploads\/2026\/04\/Dormitorio-02-1A-768x511.webp 768w, https:\/\/stainmobel.com\/wp-content\/uploads\/2026\/04\/Dormitorio-02-1A-1536x1021.webp 1536w\" sizes=\"(max-width: 1805px) 100vw, 1805px\" \/>\t\t\t\t\t\t\t\t\t\t\t\t\t\t\t<\/div>\n\t\t\t\t<\/div>\n\t\t\t\t<\/div>\n\t\t<div class=\"elementor-element elementor-element-bb28c43 elementor-hidden-desktop elementor-hidden-tablet e-flex e-con-boxed e-con e-parent\" data-id=\"bb28c43\" data-element_type=\"container\" data-e-type=\"container\" data-settings=\"{&quot;background_background&quot;:&quot;classic&quot;}\">\n\t\t\t\t\t<div class=\"e-con-inner\">\n\t\t\t\t<div class=\"elementor-element elementor-element-c991534 elementor-widget elementor-widget-heading\" data-id=\"c991534\" data-element_type=\"widget\" data-e-type=\"widget\" data-widget_type=\"heading.default\">\n\t\t\t\t\t<h2 class=\"elementor-heading-title elementor-size-default\">Patrones que transforman el espacio y despiertan su car\u00e1cter.<\/h2>\t\t\t\t<\/div>\n\t\t\t\t\t<\/div>\n\t\t\t\t<\/div>\n\t\t<div class=\"elementor-element elementor-element-4fab350 e-con-full e-flex e-con e-parent\" data-id=\"4fab350\" data-element_type=\"container\" data-e-type=\"container\">\n\t\t<div class=\"elementor-element elementor-element-f60378d e-con-full e-flex e-con e-child\" data-id=\"f60378d\" data-element_type=\"container\" data-e-type=\"container\" data-settings=\"{&quot;background_background&quot;:&quot;classic&quot;}\">\n\t\t\t\t<div class=\"elementor-element elementor-element-d2d4305 elementor-widget elementor-widget-heading\" data-id=\"d2d4305\" data-element_type=\"widget\" data-e-type=\"widget\" data-widget_type=\"heading.default\">\n\t\t\t\t\t<h2 class=\"elementor-heading-title elementor-size-default\">Espacios<\/h2>\t\t\t\t<\/div>\n\t\t\t\t<div class=\"elementor-element elementor-element-206c916 elementor-widget__width-initial elementor-widget elementor-widget-text-editor\" data-id=\"206c916\" data-element_type=\"widget\" data-e-type=\"widget\" data-widget_type=\"text-editor.default\">\n\t\t\t\t\t\t\t\t\t<p>Los salones \u00c9tnico combinan dise\u00f1o y expresi\u00f3n a trav\u00e9s de composiciones modulares y muebles auxiliares que destacan por sus detalles y acabados. Ambientes con fuerza visual, donde los patrones se integran de forma natural para crear espacios \u00fanicos, acogedores y con identidad propia.<\/p>\t\t\t\t\t\t\t\t<\/div>\n\t\t\t\t<\/div>\n\t\t<div class=\"elementor-element elementor-element-dd22961 e-con-full e-flex e-con e-child\" data-id=\"dd22961\" data-element_type=\"container\" data-e-type=\"container\" data-settings=\"{&quot;background_background&quot;:&quot;classic&quot;}\">\n\t\t\t\t<\/div>\n\t\t\t\t<\/div>\n\t\t<div class=\"elementor-element elementor-element-25ad039 e-flex e-con-boxed e-con e-parent\" data-id=\"25ad039\" data-element_type=\"container\" data-e-type=\"container\" data-settings=\"{&quot;background_background&quot;:&quot;classic&quot;}\">\n\t\t\t\t\t<div class=\"e-con-inner\">\n\t\t\t\t<div class=\"elementor-element elementor-element-e2f7fae elementor-widget elementor-widget-heading\" data-id=\"e2f7fae\" data-element_type=\"widget\" data-e-type=\"widget\" data-widget_type=\"heading.default\">\n\t\t\t\t\t<h2 class=\"elementor-heading-title elementor-size-default\">\u00c9TNICO<\/h2>\t\t\t\t<\/div>\n\t\t\t\t<div class=\"elementor-element elementor-element-5a4ca63 elementor-widget elementor-widget-heading\" data-id=\"5a4ca63\" data-element_type=\"widget\" data-e-type=\"widget\" data-widget_type=\"heading.default\">\n\t\t\t\t\t<h4 class=\"elementor-heading-title elementor-size-default\">Patrones que transforman el espacio y despiertan su car\u00e1cter.<\/h4>\t\t\t\t<\/div>\n\t\t\t\t<div class=\"elementor-element elementor-element-5fb425c elementor-align-center elementor-widget__width-inherit elementor-widget elementor-widget-button\" data-id=\"5fb425c\" data-element_type=\"widget\" data-e-type=\"widget\" data-widget_type=\"button.default\">\n\t\t\t\t\t\t\t\t\t\t<a class=\"elementor-button elementor-button-link elementor-size-sm elementor-animation-grow\" href=\"https:\/\/stainmobel.com\/index.php\/consigue-tu-catalogo\/\">\n\t\t\t\t\t\t<span class=\"elementor-button-content-wrapper\">\n\t\t\t\t\t\t\t\t\t<span class=\"elementor-button-text\">Descargar cat\u00e1logo<\/span>\n\t\t\t\t\t<\/span>\n\t\t\t\t\t<\/a>\n\t\t\t\t\t\t\t\t<\/div>\n\t\t\t\t\t<\/div>\n\t\t\t\t<\/div>\n\t\t<div class=\"elementor-element elementor-element-b51fe3b e-con-full e-flex e-con e-parent\" data-id=\"b51fe3b\" data-element_type=\"container\" data-e-type=\"container\">\n\t\t\t\t<div class=\"elementor-element elementor-element-6086499 elementor-widget elementor-widget-heading\" data-id=\"6086499\" data-element_type=\"widget\" data-e-type=\"widget\" data-widget_type=\"heading.default\">\n\t\t\t\t\t<h2 class=\"elementor-heading-title elementor-size-default\">\u00c9tnico<\/h2>\t\t\t\t<\/div>\n\t\t\t\t<div class=\"elementor-element elementor-element-63c7c02 elementor-widget elementor-widget-heading\" data-id=\"63c7c02\" data-element_type=\"widget\" data-e-type=\"widget\" data-widget_type=\"heading.default\">\n\t\t\t\t\t<h4 class=\"elementor-heading-title elementor-size-default\">Una colecci\u00f3n para dejarte llevar<\/h4>\t\t\t\t<\/div>\n\t\t\t\t<div class=\"elementor-element elementor-element-e52da01 elementor-widget elementor-widget-gallery\" data-id=\"e52da01\" data-element_type=\"widget\" data-e-type=\"widget\" data-settings=\"{&quot;gallery_layout&quot;:&quot;masonry&quot;,&quot;columns&quot;:2,&quot;image_hover_animation&quot;:&quot;grow&quot;,&quot;lazyload&quot;:&quot;yes&quot;,&quot;columns_tablet&quot;:2,&quot;columns_mobile&quot;:1,&quot;gap&quot;:{&quot;unit&quot;:&quot;px&quot;,&quot;size&quot;:10,&quot;sizes&quot;:[]},&quot;gap_tablet&quot;:{&quot;unit&quot;:&quot;px&quot;,&quot;size&quot;:10,&quot;sizes&quot;:[]},&quot;gap_mobile&quot;:{&quot;unit&quot;:&quot;px&quot;,&quot;size&quot;:10,&quot;sizes&quot;:[]},&quot;content_hover_animation&quot;:&quot;fade-in&quot;}\" data-widget_type=\"gallery.default\">\n\t\t\t\t\t\t\t<div class=\"elementor-gallery__container\">\n\t\t\t\t\t\t\t<div class=\"e-gallery-item elementor-gallery-item elementor-animated-content\">\n\t\t\t\t\t<div class=\"e-gallery-image elementor-gallery-item__image\" data-thumbnail=\"https:\/\/stainmobel.com\/wp-content\/uploads\/2026\/04\/Mueble-con-mandala-tiradores.webp\" data-width=\"1389\" data-height=\"1200\" aria-label=\"\" role=\"img\" ><\/div>\n\t\t\t\t\t\t\t\t\t\t\t\t\t\t<\/div>\n\t\t\t\t\t\t\t<div class=\"e-gallery-item elementor-gallery-item elementor-animated-content\">\n\t\t\t\t\t<div class=\"e-gallery-image elementor-gallery-item__image\" data-thumbnail=\"https:\/\/stainmobel.com\/wp-content\/uploads\/2026\/04\/Dormitorio-01-1D.webp\" data-width=\"1920\" data-height=\"960\" aria-label=\"\" role=\"img\" ><\/div>\n\t\t\t\t\t\t\t\t\t\t\t\t\t\t<\/div>\n\t\t\t\t\t\t\t<div class=\"e-gallery-item elementor-gallery-item elementor-animated-content\">\n\t\t\t\t\t<div class=\"e-gallery-image elementor-gallery-item__image\" data-thumbnail=\"https:\/\/stainmobel.com\/wp-content\/uploads\/2026\/04\/Ciclorama-sinfonier.webp\" data-width=\"1441\" data-height=\"1200\" aria-label=\"\" role=\"img\" ><\/div>\n\t\t\t\t\t\t\t\t\t\t\t\t\t\t<\/div>\n\t\t\t\t\t\t\t<div class=\"e-gallery-item elementor-gallery-item elementor-animated-content\">\n\t\t\t\t\t<div class=\"e-gallery-image elementor-gallery-item__image\" data-thumbnail=\"https:\/\/stainmobel.com\/wp-content\/uploads\/2026\/04\/Bajo-TV-180-CON-mandala-DETALLE.webp\" data-width=\"1200\" data-height=\"1200\" aria-label=\"\" role=\"img\" ><\/div>\n\t\t\t\t\t\t\t\t\t\t\t\t\t\t<\/div>\n\t\t\t\t\t\t\t<div class=\"e-gallery-item elementor-gallery-item elementor-animated-content\">\n\t\t\t\t\t<div class=\"e-gallery-image elementor-gallery-item__image\" data-thumbnail=\"https:\/\/stainmobel.com\/wp-content\/uploads\/2026\/04\/Armario-abatible-5-puertas-Roble.webp\" data-width=\"1714\" data-height=\"1200\" aria-label=\"\" role=\"img\" ><\/div>\n\t\t\t\t\t\t\t\t\t\t\t\t\t\t<\/div>\n\t\t\t\t\t\t\t<div class=\"e-gallery-item elementor-gallery-item elementor-animated-content\">\n\t\t\t\t\t<div class=\"e-gallery-image elementor-gallery-item__image\" data-thumbnail=\"https:\/\/stainmobel.com\/wp-content\/uploads\/2026\/04\/Bodeguero-CHAMPAGNE-mandala-PATAS-isabelinas.webp\" data-width=\"1200\" data-height=\"1200\" aria-label=\"\" role=\"img\" ><\/div>\n\t\t\t\t\t\t\t\t\t\t\t\t\t\t<\/div>\n\t\t\t\t\t<\/div>\n\t\t\t\t\t<\/div>\n\t\t\t\t<\/div>\n\t\t<div class=\"elementor-element elementor-element-7d7e5c9 e-flex e-con-boxed e-con e-parent\" data-id=\"7d7e5c9\" data-element_type=\"container\" data-e-type=\"container\">\n\t\t\t\t\t<div class=\"e-con-inner\">\n\t\t\t\t<div class=\"elementor-element elementor-element-477db73 elementor-align-center elementor-widget__width-auto elementor-mobile-align-justify elementor-widget-mobile__width-inherit elementor-widget elementor-widget-button\" data-id=\"477db73\" data-element_type=\"widget\" data-e-type=\"widget\" data-widget_type=\"button.default\">\n\t\t\t\t\t\t\t\t\t\t<a class=\"elementor-button elementor-button-link elementor-size-sm elementor-animation-grow\" href=\"https:\/\/stainmobel.com\/index.php\/etnico\/\">\n\t\t\t\t\t\t<span class=\"elementor-button-content-wrapper\">\n\t\t\t\t\t\t\t\t\t<span class=\"elementor-button-text\">VER PRODUCTOS<\/span>\n\t\t\t\t\t<\/span>\n\t\t\t\t\t<\/a>\n\t\t\t\t\t\t\t\t<\/div>\n\t\t\t\t<div class=\"elementor-element elementor-element-19ee0d9 elementor-align-center elementor-widget__width-auto elementor-mobile-align-justify elementor-widget-mobile__width-inherit elementor-widget elementor-widget-button\" data-id=\"19ee0d9\" data-element_type=\"widget\" data-e-type=\"widget\" data-widget_type=\"button.default\">\n\t\t\t\t\t\t\t\t\t\t<a class=\"elementor-button elementor-button-link elementor-size-sm elementor-animation-grow\" href=\"https:\/\/stainmobel.com\/index.php\/consigue-tu-catalogo\/\">\n\t\t\t\t\t\t<span class=\"elementor-button-content-wrapper\">\n\t\t\t\t\t\t\t\t\t<span class=\"elementor-button-text\">Descargar<\/span>\n\t\t\t\t\t<\/span>\n\t\t\t\t\t<\/a>\n\t\t\t\t\t\t\t\t<\/div>\n\t\t\t\t\t<\/div>\n\t\t\t\t<\/div>\n\t\t\t\t<\/div>\n\t\t","protected":false},"excerpt":{"rendered":"<p>\u00c9TNICO Fuerza visual e identidad propia \u00c9tnico es una colecci\u00f3n que introduce el car\u00e1cter de los patrones inspirados en mandalas, [&hellip;]<\/p>\n","protected":false},"author":1,"featured_media":0,"parent":0,"menu_order":0,"comment_status":"closed","ping_status":"closed","template":"elementor_header_footer","meta":{"site-sidebar-layout":"no-sidebar","site-content-layout":"","ast-site-content-layout":"normal-width-container","site-content-style":"unboxed","site-sidebar-style":"default","ast-global-header-display":"","ast-banner-title-visibility":"","ast-main-header-display":"","ast-hfb-above-header-display":"","ast-hfb-below-header-display":"","ast-hfb-mobile-header-display":"","site-post-title":"","ast-breadcrumbs-content":"","ast-featured-img":"disabled","footer-sml-layout":"","ast-disable-related-posts":"","theme-transparent-header-meta":"default","adv-header-id-meta":"","stick-header-meta":"","header-above-stick-meta":"","header-main-stick-meta":"","header-below-stick-meta":"","astra-migrate-meta-layouts":"set","ast-page-background-enabled":"default","ast-page-background-meta":{"desktop":{"background-color":"var(--ast-global-color-5)","background-image":"","background-repeat":"repeat","background-position":"center center","background-size":"auto","background-attachment":"scroll","background-type":"","background-media":"","overlay-type":"","overlay-color":"","overlay-opacity":"","overlay-gradient":""},"tablet":{"background-color":"","background-image":"","background-repeat":"repeat","background-position":"center center","background-size":"auto","background-attachment":"scroll","background-type":"","background-media":"","overlay-type":"","overlay-color":"","overlay-opacity":"","overlay-gradient":""},"mobile":{"background-color":"","background-image":"","background-repeat":"repeat","background-position":"center center","background-size":"auto","background-attachment":"scroll","background-type":"","background-media":"","overlay-type":"","overlay-color":"","overlay-opacity":"","overlay-gradient":""}},"ast-content-background-meta":{"desktop":{"background-color":"var(--ast-global-color-4)","background-image":"","background-repeat":"repeat","background-position":"center center","background-size":"auto","background-attachment":"scroll","background-type":"","background-media":"","overlay-type":"","overlay-color":"","overlay-opacity":"","overlay-gradient":""},"tablet":{"background-color":"var(--ast-global-color-4)","background-image":"","background-repeat":"repeat","background-position":"center center","background-size":"auto","background-attachment":"scroll","background-type":"","background-media":"","overlay-type":"","overlay-color":"","overlay-opacity":"","overlay-gradient":""},"mobile":{"background-color":"var(--ast-global-color-4)","background-image":"","background-repeat":"repeat","background-position":"center center","background-size":"auto","background-attachment":"scroll","background-type":"","background-media":"","overlay-type":"","overlay-color":"","overlay-opacity":"","overlay-gradient":""}},"footnotes":""},"class_list":["post-1402","page","type-page","status-publish","hentry"],"yoast_head":"<!-- This site is optimized with the Yoast SEO plugin v27.4 - https:\/\/yoast.com\/product\/yoast-seo-wordpress\/ -->\n<title>Cat\u00e1logo \u00c9tnico - Stainmobel<\/title>\n<meta name=\"robots\" content=\"index, follow, max-snippet:-1, max-image-preview:large, max-video-preview:-1\" \/>\n<link rel=\"canonical\" href=\"https:\/\/stainmobel.com\/index.php\/catalogo-etnico\/\" \/>\n<meta property=\"og:locale\" content=\"es_ES\" \/>\n<meta property=\"og:type\" content=\"article\" \/>\n<meta property=\"og:title\" content=\"Cat\u00e1logo \u00c9tnico - Stainmobel\" \/>\n<meta property=\"og:description\" content=\"\u00c9TNICO Fuerza visual e identidad propia \u00c9tnico es una colecci\u00f3n que introduce el car\u00e1cter de los patrones inspirados en mandalas, [&hellip;]\" \/>\n<meta property=\"og:url\" content=\"https:\/\/stainmobel.com\/index.php\/catalogo-etnico\/\" \/>\n<meta property=\"og:site_name\" content=\"Stainmobel\" \/>\n<meta property=\"article:modified_time\" content=\"2026-04-16T09:55:48+00:00\" \/>\n<meta property=\"og:image\" content=\"https:\/\/stainmobel.com\/wp-content\/uploads\/2026\/04\/Dormitorio-02-1A.webp\" \/>\n\t<meta property=\"og:image:width\" content=\"1805\" \/>\n\t<meta property=\"og:image:height\" content=\"1200\" \/>\n\t<meta property=\"og:image:type\" content=\"image\/webp\" \/>\n<meta name=\"twitter:card\" content=\"summary_large_image\" \/>\n<meta name=\"twitter:label1\" content=\"Tiempo de lectura\" \/>\n\t<meta name=\"twitter:data1\" content=\"1 minuto\" \/>\n<script type=\"application\/ld+json\" class=\"yoast-schema-graph\">{\"@context\":\"https:\\\/\\\/schema.org\",\"@graph\":[{\"@type\":\"WebPage\",\"@id\":\"https:\\\/\\\/stainmobel.com\\\/index.php\\\/catalogo-etnico\\\/\",\"url\":\"https:\\\/\\\/stainmobel.com\\\/index.php\\\/catalogo-etnico\\\/\",\"name\":\"Cat\u00e1logo \u00c9tnico - Stainmobel\",\"isPartOf\":{\"@id\":\"https:\\\/\\\/stainmobel.com\\\/#website\"},\"primaryImageOfPage\":{\"@id\":\"https:\\\/\\\/stainmobel.com\\\/index.php\\\/catalogo-etnico\\\/#primaryimage\"},\"image\":{\"@id\":\"https:\\\/\\\/stainmobel.com\\\/index.php\\\/catalogo-etnico\\\/#primaryimage\"},\"thumbnailUrl\":\"https:\\\/\\\/stainmobel.com\\\/wp-content\\\/uploads\\\/2026\\\/04\\\/Dormitorio-02-1A.webp\",\"datePublished\":\"2026-04-16T09:35:43+00:00\",\"dateModified\":\"2026-04-16T09:55:48+00:00\",\"breadcrumb\":{\"@id\":\"https:\\\/\\\/stainmobel.com\\\/index.php\\\/catalogo-etnico\\\/#breadcrumb\"},\"inLanguage\":\"es\",\"potentialAction\":[{\"@type\":\"ReadAction\",\"target\":[\"https:\\\/\\\/stainmobel.com\\\/index.php\\\/catalogo-etnico\\\/\"]}]},{\"@type\":\"ImageObject\",\"inLanguage\":\"es\",\"@id\":\"https:\\\/\\\/stainmobel.com\\\/index.php\\\/catalogo-etnico\\\/#primaryimage\",\"url\":\"https:\\\/\\\/stainmobel.com\\\/wp-content\\\/uploads\\\/2026\\\/04\\\/Dormitorio-02-1A.webp\",\"contentUrl\":\"https:\\\/\\\/stainmobel.com\\\/wp-content\\\/uploads\\\/2026\\\/04\\\/Dormitorio-02-1A.webp\",\"width\":1805,\"height\":1200},{\"@type\":\"BreadcrumbList\",\"@id\":\"https:\\\/\\\/stainmobel.com\\\/index.php\\\/catalogo-etnico\\\/#breadcrumb\",\"itemListElement\":[{\"@type\":\"ListItem\",\"position\":1,\"name\":\"Portada\",\"item\":\"https:\\\/\\\/stainmobel.com\\\/\"},{\"@type\":\"ListItem\",\"position\":2,\"name\":\"Cat\u00e1logo \u00c9tnico\"}]},{\"@type\":\"WebSite\",\"@id\":\"https:\\\/\\\/stainmobel.com\\\/#website\",\"url\":\"https:\\\/\\\/stainmobel.com\\\/\",\"name\":\"Stainmobel\",\"description\":\"\",\"publisher\":{\"@id\":\"https:\\\/\\\/stainmobel.com\\\/#organization\"},\"potentialAction\":[{\"@type\":\"SearchAction\",\"target\":{\"@type\":\"EntryPoint\",\"urlTemplate\":\"https:\\\/\\\/stainmobel.com\\\/?s={search_term_string}\"},\"query-input\":{\"@type\":\"PropertyValueSpecification\",\"valueRequired\":true,\"valueName\":\"search_term_string\"}}],\"inLanguage\":\"es\"},{\"@type\":\"Organization\",\"@id\":\"https:\\\/\\\/stainmobel.com\\\/#organization\",\"name\":\"Stainmobel\",\"url\":\"https:\\\/\\\/stainmobel.com\\\/\",\"logo\":{\"@type\":\"ImageObject\",\"inLanguage\":\"es\",\"@id\":\"https:\\\/\\\/stainmobel.com\\\/#\\\/schema\\\/logo\\\/image\\\/\",\"url\":\"https:\\\/\\\/stainmobel.com\\\/wp-content\\\/uploads\\\/2026\\\/02\\\/cropped-logo-StainMobel-2021-Rosa-scaled-1.webp\",\"contentUrl\":\"https:\\\/\\\/stainmobel.com\\\/wp-content\\\/uploads\\\/2026\\\/02\\\/cropped-logo-StainMobel-2021-Rosa-scaled-1.webp\",\"width\":2560,\"height\":807,\"caption\":\"Stainmobel\"},\"image\":{\"@id\":\"https:\\\/\\\/stainmobel.com\\\/#\\\/schema\\\/logo\\\/image\\\/\"}}]}<\/script>\n<!-- \/ Yoast SEO plugin. -->","yoast_head_json":{"title":"Cat\u00e1logo \u00c9tnico - Stainmobel","robots":{"index":"index","follow":"follow","max-snippet":"max-snippet:-1","max-image-preview":"max-image-preview:large","max-video-preview":"max-video-preview:-1"},"canonical":"https:\/\/stainmobel.com\/index.php\/catalogo-etnico\/","og_locale":"es_ES","og_type":"article","og_title":"Cat\u00e1logo \u00c9tnico - Stainmobel","og_description":"\u00c9TNICO Fuerza visual e identidad propia \u00c9tnico es una colecci\u00f3n que introduce el car\u00e1cter de los patrones inspirados en mandalas, [&hellip;]","og_url":"https:\/\/stainmobel.com\/index.php\/catalogo-etnico\/","og_site_name":"Stainmobel","article_modified_time":"2026-04-16T09:55:48+00:00","og_image":[{"width":1805,"height":1200,"url":"https:\/\/stainmobel.com\/wp-content\/uploads\/2026\/04\/Dormitorio-02-1A.webp","type":"image\/webp"}],"twitter_card":"summary_large_image","twitter_misc":{"Tiempo de lectura":"1 minuto"},"schema":{"@context":"https:\/\/schema.org","@graph":[{"@type":"WebPage","@id":"https:\/\/stainmobel.com\/index.php\/catalogo-etnico\/","url":"https:\/\/stainmobel.com\/index.php\/catalogo-etnico\/","name":"Cat\u00e1logo \u00c9tnico - Stainmobel","isPartOf":{"@id":"https:\/\/stainmobel.com\/#website"},"primaryImageOfPage":{"@id":"https:\/\/stainmobel.com\/index.php\/catalogo-etnico\/#primaryimage"},"image":{"@id":"https:\/\/stainmobel.com\/index.php\/catalogo-etnico\/#primaryimage"},"thumbnailUrl":"https:\/\/stainmobel.com\/wp-content\/uploads\/2026\/04\/Dormitorio-02-1A.webp","datePublished":"2026-04-16T09:35:43+00:00","dateModified":"2026-04-16T09:55:48+00:00","breadcrumb":{"@id":"https:\/\/stainmobel.com\/index.php\/catalogo-etnico\/#breadcrumb"},"inLanguage":"es","potentialAction":[{"@type":"ReadAction","target":["https:\/\/stainmobel.com\/index.php\/catalogo-etnico\/"]}]},{"@type":"ImageObject","inLanguage":"es","@id":"https:\/\/stainmobel.com\/index.php\/catalogo-etnico\/#primaryimage","url":"https:\/\/stainmobel.com\/wp-content\/uploads\/2026\/04\/Dormitorio-02-1A.webp","contentUrl":"https:\/\/stainmobel.com\/wp-content\/uploads\/2026\/04\/Dormitorio-02-1A.webp","width":1805,"height":1200},{"@type":"BreadcrumbList","@id":"https:\/\/stainmobel.com\/index.php\/catalogo-etnico\/#breadcrumb","itemListElement":[{"@type":"ListItem","position":1,"name":"Portada","item":"https:\/\/stainmobel.com\/"},{"@type":"ListItem","position":2,"name":"Cat\u00e1logo \u00c9tnico"}]},{"@type":"WebSite","@id":"https:\/\/stainmobel.com\/#website","url":"https:\/\/stainmobel.com\/","name":"Stainmobel","description":"","publisher":{"@id":"https:\/\/stainmobel.com\/#organization"},"potentialAction":[{"@type":"SearchAction","target":{"@type":"EntryPoint","urlTemplate":"https:\/\/stainmobel.com\/?s={search_term_string}"},"query-input":{"@type":"PropertyValueSpecification","valueRequired":true,"valueName":"search_term_string"}}],"inLanguage":"es"},{"@type":"Organization","@id":"https:\/\/stainmobel.com\/#organization","name":"Stainmobel","url":"https:\/\/stainmobel.com\/","logo":{"@type":"ImageObject","inLanguage":"es","@id":"https:\/\/stainmobel.com\/#\/schema\/logo\/image\/","url":"https:\/\/stainmobel.com\/wp-content\/uploads\/2026\/02\/cropped-logo-StainMobel-2021-Rosa-scaled-1.webp","contentUrl":"https:\/\/stainmobel.com\/wp-content\/uploads\/2026\/02\/cropped-logo-StainMobel-2021-Rosa-scaled-1.webp","width":2560,"height":807,"caption":"Stainmobel"},"image":{"@id":"https:\/\/stainmobel.com\/#\/schema\/logo\/image\/"}}]}},"_links":{"self":[{"href":"https:\/\/stainmobel.com\/index.php\/wp-json\/wp\/v2\/pages\/1402","targetHints":{"allow":["GET"]}}],"collection":[{"href":"https:\/\/stainmobel.com\/index.php\/wp-json\/wp\/v2\/pages"}],"about":[{"href":"https:\/\/stainmobel.com\/index.php\/wp-json\/wp\/v2\/types\/page"}],"author":[{"embeddable":true,"href":"https:\/\/stainmobel.com\/index.php\/wp-json\/wp\/v2\/users\/1"}],"replies":[{"embeddable":true,"href":"https:\/\/stainmobel.com\/index.php\/wp-json\/wp\/v2\/comments?post=1402"}],"version-history":[{"count":10,"href":"https:\/\/stainmobel.com\/index.php\/wp-json\/wp\/v2\/pages\/1402\/revisions"}],"predecessor-version":[{"id":1471,"href":"https:\/\/stainmobel.com\/index.php\/wp-json\/wp\/v2\/pages\/1402\/revisions\/1471"}],"wp:attachment":[{"href":"https:\/\/stainmobel.com\/index.php\/wp-json\/wp\/v2\/media?parent=1402"}],"curies":[{"name":"wp","href":"https:\/\/api.w.org\/{rel}","templated":true}]}}