{"id":448,"date":"2026-02-26T10:17:09","date_gmt":"2026-02-26T10:17:09","guid":{"rendered":"https:\/\/stainmobel.com\/?page_id=448"},"modified":"2026-02-27T12:29:13","modified_gmt":"2026-02-27T12:29:13","slug":"contacto","status":"publish","type":"page","link":"https:\/\/stainmobel.com\/index.php\/contacto\/","title":{"rendered":"Contacto"},"content":{"rendered":"\t\t<div data-elementor-type=\"wp-page\" data-elementor-id=\"448\" class=\"elementor elementor-448\" data-elementor-post-type=\"page\">\n\t\t\t\t<div class=\"elementor-element elementor-element-29b2b1d e-con-full e-flex e-con e-parent\" data-id=\"29b2b1d\" data-element_type=\"container\" data-e-type=\"container\">\n\t\t<div class=\"elementor-element elementor-element-cdb67ad e-con-full e-flex e-con e-child\" data-id=\"cdb67ad\" data-element_type=\"container\" data-e-type=\"container\">\n\t\t\t\t<div class=\"elementor-element elementor-element-f3842c9 elementor-widget elementor-widget-heading\" data-id=\"f3842c9\" data-element_type=\"widget\" data-e-type=\"widget\" data-widget_type=\"heading.default\">\n\t\t\t\t\t<h1 class=\"elementor-heading-title elementor-size-default\">Te ayudamos<\/h1>\t\t\t\t<\/div>\n\t\t\t\t<div class=\"elementor-element elementor-element-dfe9536 elementor-widget elementor-widget-heading\" data-id=\"dfe9536\" data-element_type=\"widget\" data-e-type=\"widget\" data-widget_type=\"heading.default\">\n\t\t\t\t\t<h2 class=\"elementor-heading-title elementor-size-default\">Stainmobel<\/h2>\t\t\t\t<\/div>\n\t\t\t\t<div class=\"elementor-element elementor-element-ac494ed elementor-widget__width-initial elementor-widget elementor-widget-text-editor\" data-id=\"ac494ed\" data-element_type=\"widget\" data-e-type=\"widget\" data-widget_type=\"text-editor.default\">\n\t\t\t\t\t\t\t\t\tSomos una empresa dedicada a la fabricaci\u00f3n de mobiliario para el hogar y nuestro objetivo es ofrecer a nuestros clientes un producto funcional y acorde a sus necesidades. No nos conformamos con aceptar espacio y comprar lo que se vende, tenemos la necesidad de ver cosas, para entender el arte, y para beber profundamente de la incre\u00edble belleza que la tecnolog\u00eda nos muestra y que existe fuera de nuestra esfera dom\u00e9stica.\t\t\t\t\t\t\t\t<\/div>\n\t\t\t\t<\/div>\n\t\t<div class=\"elementor-element elementor-element-1dde00d e-con-full e-flex e-con e-child\" data-id=\"1dde00d\" data-element_type=\"container\" data-e-type=\"container\">\n\t\t\t\t<div class=\"elementor-element elementor-element-21698d1 elementor-widget elementor-widget-image\" data-id=\"21698d1\" data-element_type=\"widget\" data-e-type=\"widget\" data-widget_type=\"image.default\">\n\t\t\t\t\t\t\t\t\t\t\t\t\t\t\t<img fetchpriority=\"high\" decoding=\"async\" width=\"1750\" height=\"1390\" src=\"https:\/\/stainmobel.com\/wp-content\/uploads\/2026\/02\/Ambiente-03-02-scaled-e1772019179320.webp\" class=\"attachment-full size-full wp-image-196\" alt=\"\" srcset=\"https:\/\/stainmobel.com\/wp-content\/uploads\/2026\/02\/Ambiente-03-02-scaled-e1772019179320.webp 1750w, https:\/\/stainmobel.com\/wp-content\/uploads\/2026\/02\/Ambiente-03-02-scaled-e1772019179320-300x238.webp 300w, https:\/\/stainmobel.com\/wp-content\/uploads\/2026\/02\/Ambiente-03-02-scaled-e1772019179320-1024x813.webp 1024w, https:\/\/stainmobel.com\/wp-content\/uploads\/2026\/02\/Ambiente-03-02-scaled-e1772019179320-768x610.webp 768w, https:\/\/stainmobel.com\/wp-content\/uploads\/2026\/02\/Ambiente-03-02-scaled-e1772019179320-1536x1220.webp 1536w\" sizes=\"(max-width: 1750px) 100vw, 1750px\" \/>\t\t\t\t\t\t\t\t\t\t\t\t\t\t\t<\/div>\n\t\t\t\t<\/div>\n\t\t\t\t<\/div>\n\t\t<div class=\"elementor-element elementor-element-5cbf5b7 e-flex e-con-boxed e-con e-parent\" data-id=\"5cbf5b7\" data-element_type=\"container\" data-e-type=\"container\">\n\t\t\t\t\t<div class=\"e-con-inner\">\n\t\t\t\t<div class=\"elementor-element elementor-element-006a37b elementor-widget elementor-widget-heading\" data-id=\"006a37b\" data-element_type=\"widget\" data-e-type=\"widget\" data-widget_type=\"heading.default\">\n\t\t\t\t\t<h2 class=\"elementor-heading-title elementor-size-default\">Hablamos de tu proyecto<\/h2>\t\t\t\t<\/div>\n\t\t\t\t<div class=\"elementor-element elementor-element-41aa20e elementor-widget elementor-widget-heading\" data-id=\"41aa20e\" data-element_type=\"widget\" data-e-type=\"widget\" data-widget_type=\"heading.default\">\n\t\t\t\t\t<h4 class=\"elementor-heading-title elementor-size-default\">Cu\u00e9ntanos qu\u00e9 necesitas y te asesoraremos para encontrar la<br>soluci\u00f3n de mobiliario que mejor se adapte a tu espacio.<\/h4>\t\t\t\t<\/div>\n\t\t\t\t<div class=\"elementor-element elementor-element-2562477 elementor-button-align-end elementor-widget elementor-widget-form\" data-id=\"2562477\" data-element_type=\"widget\" data-e-type=\"widget\" data-settings=\"{&quot;step_next_label&quot;:&quot;Siguiente&quot;,&quot;step_previous_label&quot;:&quot;Anterior&quot;,&quot;button_width&quot;:&quot;100&quot;,&quot;step_type&quot;:&quot;number_text&quot;,&quot;step_icon_shape&quot;:&quot;circle&quot;}\" data-widget_type=\"form.default\">\n\t\t\t\t\t\t\t<form class=\"elementor-form\" method=\"post\" name=\"Nuevo formulario\" aria-label=\"Nuevo formulario\">\n\t\t\t<input type=\"hidden\" name=\"post_id\" value=\"448\"\/>\n\t\t\t<input type=\"hidden\" name=\"form_id\" value=\"2562477\"\/>\n\t\t\t<input type=\"hidden\" name=\"referer_title\" value=\"Stainmobel\" \/>\n\n\t\t\t\n\t\t\t<div class=\"elementor-form-fields-wrapper elementor-labels-above\">\n\t\t\t\t\t\t\t\t<div class=\"elementor-field-type-text elementor-field-group elementor-column elementor-field-group-name elementor-col-100 elementor-field-required\">\n\t\t\t\t\t\t\t\t\t\t\t\t\t<input size=\"1\" type=\"text\" name=\"form_fields[name]\" id=\"form-field-name\" class=\"elementor-field elementor-size-lg  elementor-field-textual\" placeholder=\"Nombre\" required=\"required\">\n\t\t\t\t\t\t\t\t\t\t\t<\/div>\n\t\t\t\t\t\t\t\t<div class=\"elementor-field-type-email elementor-field-group elementor-column elementor-field-group-email elementor-col-60 elementor-field-required\">\n\t\t\t\t\t\t\t\t\t\t\t\t\t<input size=\"1\" type=\"email\" name=\"form_fields[email]\" id=\"form-field-email\" class=\"elementor-field elementor-size-lg  elementor-field-textual\" placeholder=\"Correo electr\u00f3nico\" required=\"required\">\n\t\t\t\t\t\t\t\t\t\t\t<\/div>\n\t\t\t\t\t\t\t\t<div class=\"elementor-field-type-tel elementor-field-group elementor-column elementor-field-group-field_7e9d7b7 elementor-col-40 elementor-field-required\">\n\t\t\t\t\t\t\t<input size=\"1\" type=\"tel\" name=\"form_fields[field_7e9d7b7]\" id=\"form-field-field_7e9d7b7\" class=\"elementor-field elementor-size-lg  elementor-field-textual\" placeholder=\"Tel\u00e9fono\" required=\"required\" pattern=\"[0-9()#&amp;+*-=.]+\" title=\"Solo se aceptan n\u00fameros y caracteres de tel\u00e9fono (#,-,*,etc).\">\n\n\t\t\t\t\t\t<\/div>\n\t\t\t\t\t\t\t\t<div class=\"elementor-field-type-select elementor-field-group elementor-column elementor-field-group-message elementor-col-100 elementor-field-required\">\n\t\t\t\t\t\t\t\t\t\t\t\t<label for=\"form-field-message\" class=\"elementor-field-label\">\n\t\t\t\t\t\t\t\tSeleccione tipo de consulta\t\t\t\t\t\t\t<\/label>\n\t\t\t\t\t\t\t\t<div class=\"elementor-field elementor-select-wrapper remove-before \">\n\t\t\t<div class=\"select-caret-down-wrapper\">\n\t\t\t\t<svg aria-hidden=\"true\" class=\"e-font-icon-svg e-eicon-caret-down\" viewBox=\"0 0 571.4 571.4\" xmlns=\"http:\/\/www.w3.org\/2000\/svg\"><path d=\"M571 393Q571 407 561 418L311 668Q300 679 286 679T261 668L11 418Q0 407 0 393T11 368 36 357H536Q550 357 561 368T571 393Z\"><\/path><\/svg>\t\t\t<\/div>\n\t\t\t<select name=\"form_fields[message]\" id=\"form-field-message\" class=\"elementor-field-textual elementor-size-lg\" required=\"required\">\n\t\t\t\t\t\t\t\t\t<option value=\"Profesional\">Profesional<\/option>\n\t\t\t\t\t\t\t\t\t<option value=\"Particular\">Particular<\/option>\n\t\t\t\t\t\t\t<\/select>\n\t\t<\/div>\n\t\t\t\t\t\t<\/div>\n\t\t\t\t\t\t\t\t<div class=\"elementor-field-type-textarea elementor-field-group elementor-column elementor-field-group-field_074c9a6 elementor-col-100\">\n\t\t\t\t\t<textarea class=\"elementor-field-textual elementor-field  elementor-size-lg\" name=\"form_fields[field_074c9a6]\" id=\"form-field-field_074c9a6\" rows=\"4\" placeholder=\"Mensaje\"><\/textarea>\t\t\t\t<\/div>\n\t\t\t\t\t\t\t\t<div class=\"elementor-field-type-acceptance elementor-field-group elementor-column elementor-field-group-field_04dccde elementor-col-100 elementor-field-required\">\n\t\t\t\t\t\t\t<div class=\"elementor-field-subgroup\">\n\t\t\t<span class=\"elementor-field-option\">\n\t\t\t\t<input type=\"checkbox\" name=\"form_fields[field_04dccde]\" id=\"form-field-field_04dccde\" class=\"elementor-field elementor-size-lg  elementor-acceptance-field\" required=\"required\">\n\t\t\t\t<label for=\"form-field-field_04dccde\">He le\u00eddo y estoy de acuerdo con la pol\u00edtica de privacidad<\/label>\t\t\t<\/span>\n\t\t<\/div>\n\t\t\t\t\t\t<\/div>\n\t\t\t\t\t\t\t\t<div class=\"elementor-field-type-text\">\n\t\t\t\t\t<input size=\"1\" type=\"text\" name=\"form_fields[field_91dfbf3]\" id=\"form-field-field_91dfbf3\" class=\"elementor-field elementor-size-lg \" style=\"display:none !important;\">\t\t\t\t<\/div>\n\t\t\t\t\t\t\t\t<div class=\"elementor-field-type-recaptcha_v3 elementor-field-group elementor-column elementor-field-group-field_0312b2b elementor-col-100 recaptcha_v3-bottomright\">\n\t\t\t\t\t<div class=\"elementor-field\" id=\"form-field-field_0312b2b\"><\/div>\t\t\t\t<\/div>\n\t\t\t\t\t\t\t\t<div class=\"elementor-field-group elementor-column elementor-field-type-submit elementor-col-100 e-form__buttons\">\n\t\t\t\t\t<button class=\"elementor-button elementor-size-sm elementor-animation-grow\" type=\"submit\">\n\t\t\t\t\t\t<span class=\"elementor-button-content-wrapper\">\n\t\t\t\t\t\t\t\t\t\t\t\t\t\t\t\t\t\t\t\t\t\t<span class=\"elementor-button-text\">Enviar<\/span>\n\t\t\t\t\t\t\t\t\t\t\t\t\t<\/span>\n\t\t\t\t\t<\/button>\n\t\t\t\t<\/div>\n\t\t\t<\/div>\n\t\t<\/form>\n\t\t\t\t\t\t<\/div>\n\t\t\t\t\t<\/div>\n\t\t\t\t<\/div>\n\t\t<div class=\"elementor-element elementor-element-c6521b2 e-con-full e-flex e-con e-parent\" data-id=\"c6521b2\" data-element_type=\"container\" data-e-type=\"container\">\n\t\t<div class=\"elementor-element elementor-element-08527a6 e-con-full e-flex e-con e-child\" data-id=\"08527a6\" data-element_type=\"container\" data-e-type=\"container\">\n\t\t\t\t<div class=\"elementor-element elementor-element-c6a2471 elementor-widget elementor-widget-heading\" data-id=\"c6a2471\" data-element_type=\"widget\" data-e-type=\"widget\" data-widget_type=\"heading.default\">\n\t\t\t\t\t<h2 class=\"elementor-heading-title elementor-size-default\">Contacta<br>con nosotros<\/h2>\t\t\t\t<\/div>\n\t\t<div class=\"elementor-element elementor-element-fd18aaa e-con-full e-flex e-con e-child\" data-id=\"fd18aaa\" data-element_type=\"container\" data-e-type=\"container\" data-settings=\"{&quot;background_background&quot;:&quot;classic&quot;}\">\n\t\t\t\t<div class=\"elementor-element elementor-element-b6bb384 elementor-widget elementor-widget-heading\" data-id=\"b6bb384\" data-element_type=\"widget\" data-e-type=\"widget\" data-widget_type=\"heading.default\">\n\t\t\t\t\t<h3 class=\"elementor-heading-title elementor-size-default\">Ll\u00e1manos<\/h3>\t\t\t\t<\/div>\n\t\t\t\t<div class=\"elementor-element elementor-element-75a34a4 elementor-widget elementor-widget-heading\" data-id=\"75a34a4\" data-element_type=\"widget\" data-e-type=\"widget\" data-widget_type=\"heading.default\">\n\t\t\t\t\t<h3 class=\"elementor-heading-title elementor-size-default\"><a href=\"tel:+34953354627\">+34 953 354 627<\/a><\/h3>\t\t\t\t<\/div>\n\t\t\t\t<div class=\"elementor-element elementor-element-8253b94 elementor-widget elementor-widget-text-editor\" data-id=\"8253b94\" data-element_type=\"widget\" data-e-type=\"widget\" data-widget_type=\"text-editor.default\">\n\t\t\t\t\t\t\t\t\tCu\u00e9ntanos qu\u00e9 necesitas y te asesoraremos para encontrar la soluci\u00f3n de mobiliario que mejor se adapte a tu espacio.\t\t\t\t\t\t\t\t<\/div>\n\t\t\t\t<\/div>\n\t\t<div class=\"elementor-element elementor-element-2850d78 e-con-full e-flex e-con e-child\" data-id=\"2850d78\" data-element_type=\"container\" data-e-type=\"container\" data-settings=\"{&quot;background_background&quot;:&quot;classic&quot;}\">\n\t\t\t\t<div class=\"elementor-element elementor-element-7ca3226 elementor-widget elementor-widget-heading\" data-id=\"7ca3226\" data-element_type=\"widget\" data-e-type=\"widget\" data-widget_type=\"heading.default\">\n\t\t\t\t\t<h3 class=\"elementor-heading-title elementor-size-default\">Escr\u00edbenos<\/h3>\t\t\t\t<\/div>\n\t\t\t\t<div class=\"elementor-element elementor-element-e02b0ed elementor-widget elementor-widget-heading\" data-id=\"e02b0ed\" data-element_type=\"widget\" data-e-type=\"widget\" data-widget_type=\"heading.default\">\n\t\t\t\t\t<h3 class=\"elementor-heading-title elementor-size-default\"><a href=\"mailto:rrss@stainmobel.com\">rrss@stainmobel.com<\/a><\/h3>\t\t\t\t<\/div>\n\t\t\t\t<div class=\"elementor-element elementor-element-fcd20f4 elementor-widget elementor-widget-text-editor\" data-id=\"fcd20f4\" data-element_type=\"widget\" data-e-type=\"widget\" data-widget_type=\"text-editor.default\">\n\t\t\t\t\t\t\t\t\tEnv\u00edenos un correo electr\u00f3nico en cualquier momento, generalmente respondemos dentro de las 24 horas.\t\t\t\t\t\t\t\t<\/div>\n\t\t\t\t<\/div>\n\t\t<div class=\"elementor-element elementor-element-31b5f67 e-con-full e-flex e-con e-child\" data-id=\"31b5f67\" data-element_type=\"container\" data-e-type=\"container\" data-settings=\"{&quot;background_background&quot;:&quot;classic&quot;}\">\n\t\t\t\t<div class=\"elementor-element elementor-element-00bfacb elementor-widget elementor-widget-heading\" data-id=\"00bfacb\" data-element_type=\"widget\" data-e-type=\"widget\" data-widget_type=\"heading.default\">\n\t\t\t\t\t<h3 class=\"elementor-heading-title elementor-size-default\">Vis\u00edtanos<\/h3>\t\t\t\t<\/div>\n\t\t\t\t<div class=\"elementor-element elementor-element-a358125 elementor-widget elementor-widget-heading\" data-id=\"a358125\" data-element_type=\"widget\" data-e-type=\"widget\" data-widget_type=\"heading.default\">\n\t\t\t\t\t<h3 class=\"elementor-heading-title elementor-size-default\"><a href=\"https:\/\/www.google.com\/maps\/dir\/\/STAINMOBEL,+Ctra.+%C3%9Abeda-M%C3%A1laga,+KM+39,+5,+23100+Mancha+Real,+Ja%C3%A9n\/@36.1955328,-5.9179008,14z\/data=!4m8!4m7!1m0!1m5!1m1!1s0xd6e7bf1d1bf24b1:0xb8ff31549ae0b12e!2m2!1d-3.6385628!2d37.802579?entry=ttu&#038;g_ep=EgoyMDI2MDIyMy4wIKXMDSoASAFQAw%3D%3D\">D\u00f3nde estamos<\/a><\/h3>\t\t\t\t<\/div>\n\t\t\t\t<div class=\"elementor-element elementor-element-bc8aca3 elementor-widget elementor-widget-text-editor\" data-id=\"bc8aca3\" data-element_type=\"widget\" data-e-type=\"widget\" data-widget_type=\"text-editor.default\">\n\t\t\t\t\t\t\t\t\tCtra. \u00dabeda-M\u00e1laga, km. 39, 23100 Mancha Real, Ja\u00e9n\t\t\t\t\t\t\t\t<\/div>\n\t\t\t\t<\/div>\n\t\t\t\t<\/div>\n\t\t<div class=\"elementor-element elementor-element-d20f338 e-con-full e-flex e-con e-child\" data-id=\"d20f338\" data-element_type=\"container\" data-e-type=\"container\">\n\t\t\t\t<div class=\"elementor-element elementor-element-7505a6a elementor-widget elementor-widget-google_maps\" data-id=\"7505a6a\" data-element_type=\"widget\" data-e-type=\"widget\" data-widget_type=\"google_maps.default\">\n\t\t\t\t\t\t\t<div class=\"elementor-custom-embed\">\n\t\t\t<iframe loading=\"lazy\"\n\t\t\t\t\tsrc=\"https:\/\/maps.google.com\/maps?q=StainMobel&#038;t=m&#038;z=13&#038;output=embed&#038;iwloc=near\"\n\t\t\t\t\ttitle=\"StainMobel\"\n\t\t\t\t\taria-label=\"StainMobel\"\n\t\t\t><\/iframe>\n\t\t<\/div>\n\t\t\t\t\t\t<\/div>\n\t\t\t\t<\/div>\n\t\t\t\t<\/div>\n\t\t\t\t<\/div>\n\t\t","protected":false},"excerpt":{"rendered":"<p>Te ayudamos Stainmobel Somos una empresa dedicada a la fabricaci\u00f3n de mobiliario para el hogar y nuestro objetivo es ofrecer [&hellip;]<\/p>\n","protected":false},"author":1,"featured_media":0,"parent":0,"menu_order":0,"comment_status":"closed","ping_status":"closed","template":"elementor_header_footer","meta":{"site-sidebar-layout":"no-sidebar","site-content-layout":"","ast-site-content-layout":"normal-width-container","site-content-style":"unboxed","site-sidebar-style":"default","ast-global-header-display":"","ast-banner-title-visibility":"","ast-main-header-display":"","ast-hfb-above-header-display":"","ast-hfb-below-header-display":"","ast-hfb-mobile-header-display":"","site-post-title":"","ast-breadcrumbs-content":"","ast-featured-img":"disabled","footer-sml-layout":"","ast-disable-related-posts":"","theme-transparent-header-meta":"default","adv-header-id-meta":"","stick-header-meta":"","header-above-stick-meta":"","header-main-stick-meta":"","header-below-stick-meta":"","astra-migrate-meta-layouts":"set","ast-page-background-enabled":"default","ast-page-background-meta":{"desktop":{"background-color":"var(--ast-global-color-5)","background-image":"","background-repeat":"repeat","background-position":"center center","background-size":"auto","background-attachment":"scroll","background-type":"","background-media":"","overlay-type":"","overlay-color":"","overlay-opacity":"","overlay-gradient":""},"tablet":{"background-color":"","background-image":"","background-repeat":"repeat","background-position":"center center","background-size":"auto","background-attachment":"scroll","background-type":"","background-media":"","overlay-type":"","overlay-color":"","overlay-opacity":"","overlay-gradient":""},"mobile":{"background-color":"","background-image":"","background-repeat":"repeat","background-position":"center center","background-size":"auto","background-attachment":"scroll","background-type":"","background-media":"","overlay-type":"","overlay-color":"","overlay-opacity":"","overlay-gradient":""}},"ast-content-background-meta":{"desktop":{"background-color":"var(--ast-global-color-4)","background-image":"","background-repeat":"repeat","background-position":"center center","background-size":"auto","background-attachment":"scroll","background-type":"","background-media":"","overlay-type":"","overlay-color":"","overlay-opacity":"","overlay-gradient":""},"tablet":{"background-color":"var(--ast-global-color-4)","background-image":"","background-repeat":"repeat","background-position":"center center","background-size":"auto","background-attachment":"scroll","background-type":"","background-media":"","overlay-type":"","overlay-color":"","overlay-opacity":"","overlay-gradient":""},"mobile":{"background-color":"var(--ast-global-color-4)","background-image":"","background-repeat":"repeat","background-position":"center center","background-size":"auto","background-attachment":"scroll","background-type":"","background-media":"","overlay-type":"","overlay-color":"","overlay-opacity":"","overlay-gradient":""}},"footnotes":""},"class_list":["post-448","page","type-page","status-publish","hentry"],"yoast_head":"<!-- This site is optimized with the Yoast SEO plugin v27.2 - https:\/\/yoast.com\/product\/yoast-seo-wordpress\/ -->\n<title>Contacto - Stainmobel<\/title>\n<meta name=\"robots\" content=\"index, follow, max-snippet:-1, max-image-preview:large, max-video-preview:-1\" \/>\n<link rel=\"canonical\" href=\"https:\/\/stainmobel.com\/index.php\/contacto\/\" \/>\n<meta property=\"og:locale\" content=\"es_ES\" \/>\n<meta property=\"og:type\" content=\"article\" \/>\n<meta property=\"og:title\" content=\"Contacto - Stainmobel\" \/>\n<meta property=\"og:description\" content=\"Te ayudamos Stainmobel Somos una empresa dedicada a la fabricaci\u00f3n de mobiliario para el hogar y nuestro objetivo es ofrecer [&hellip;]\" \/>\n<meta property=\"og:url\" content=\"https:\/\/stainmobel.com\/index.php\/contacto\/\" \/>\n<meta property=\"og:site_name\" content=\"Stainmobel\" \/>\n<meta property=\"article:modified_time\" content=\"2026-02-27T12:29:13+00:00\" \/>\n<meta property=\"og:image\" content=\"https:\/\/stainmobel.com\/wp-content\/uploads\/2026\/02\/Ambiente-03-02-scaled-e1772019179320.webp\" \/>\n\t<meta property=\"og:image:width\" content=\"1750\" \/>\n\t<meta property=\"og:image:height\" content=\"1390\" \/>\n\t<meta property=\"og:image:type\" content=\"image\/webp\" \/>\n<meta name=\"twitter:card\" content=\"summary_large_image\" \/>\n<meta name=\"twitter:label1\" content=\"Tiempo de lectura\" \/>\n\t<meta name=\"twitter:data1\" content=\"1 minuto\" \/>\n<script type=\"application\/ld+json\" class=\"yoast-schema-graph\">{\"@context\":\"https:\/\/schema.org\",\"@graph\":[{\"@type\":\"WebPage\",\"@id\":\"https:\/\/stainmobel.com\/index.php\/contacto\/\",\"url\":\"https:\/\/stainmobel.com\/index.php\/contacto\/\",\"name\":\"Contacto - Stainmobel\",\"isPartOf\":{\"@id\":\"https:\/\/stainmobel.com\/#website\"},\"primaryImageOfPage\":{\"@id\":\"https:\/\/stainmobel.com\/index.php\/contacto\/#primaryimage\"},\"image\":{\"@id\":\"https:\/\/stainmobel.com\/index.php\/contacto\/#primaryimage\"},\"thumbnailUrl\":\"https:\/\/stainmobel.com\/wp-content\/uploads\/2026\/02\/Ambiente-03-02-scaled-e1772019179320.webp\",\"datePublished\":\"2026-02-26T10:17:09+00:00\",\"dateModified\":\"2026-02-27T12:29:13+00:00\",\"breadcrumb\":{\"@id\":\"https:\/\/stainmobel.com\/index.php\/contacto\/#breadcrumb\"},\"inLanguage\":\"es\",\"potentialAction\":[{\"@type\":\"ReadAction\",\"target\":[\"https:\/\/stainmobel.com\/index.php\/contacto\/\"]}]},{\"@type\":\"ImageObject\",\"inLanguage\":\"es\",\"@id\":\"https:\/\/stainmobel.com\/index.php\/contacto\/#primaryimage\",\"url\":\"https:\/\/stainmobel.com\/wp-content\/uploads\/2026\/02\/Ambiente-03-02-scaled-e1772019179320.webp\",\"contentUrl\":\"https:\/\/stainmobel.com\/wp-content\/uploads\/2026\/02\/Ambiente-03-02-scaled-e1772019179320.webp\",\"width\":1750,\"height\":1390},{\"@type\":\"BreadcrumbList\",\"@id\":\"https:\/\/stainmobel.com\/index.php\/contacto\/#breadcrumb\",\"itemListElement\":[{\"@type\":\"ListItem\",\"position\":1,\"name\":\"Portada\",\"item\":\"https:\/\/stainmobel.com\/\"},{\"@type\":\"ListItem\",\"position\":2,\"name\":\"Contacto\"}]},{\"@type\":\"WebSite\",\"@id\":\"https:\/\/stainmobel.com\/#website\",\"url\":\"https:\/\/stainmobel.com\/\",\"name\":\"Stainmobel\",\"description\":\"\",\"publisher\":{\"@id\":\"https:\/\/stainmobel.com\/#organization\"},\"potentialAction\":[{\"@type\":\"SearchAction\",\"target\":{\"@type\":\"EntryPoint\",\"urlTemplate\":\"https:\/\/stainmobel.com\/?s={search_term_string}\"},\"query-input\":{\"@type\":\"PropertyValueSpecification\",\"valueRequired\":true,\"valueName\":\"search_term_string\"}}],\"inLanguage\":\"es\"},{\"@type\":\"Organization\",\"@id\":\"https:\/\/stainmobel.com\/#organization\",\"name\":\"Stainmobel\",\"url\":\"https:\/\/stainmobel.com\/\",\"logo\":{\"@type\":\"ImageObject\",\"inLanguage\":\"es\",\"@id\":\"https:\/\/stainmobel.com\/#\/schema\/logo\/image\/\",\"url\":\"https:\/\/stainmobel.com\/wp-content\/uploads\/2026\/02\/cropped-logo-StainMobel-2021-Rosa-scaled-1.webp\",\"contentUrl\":\"https:\/\/stainmobel.com\/wp-content\/uploads\/2026\/02\/cropped-logo-StainMobel-2021-Rosa-scaled-1.webp\",\"width\":2560,\"height\":807,\"caption\":\"Stainmobel\"},\"image\":{\"@id\":\"https:\/\/stainmobel.com\/#\/schema\/logo\/image\/\"}}]}<\/script>\n<!-- \/ Yoast SEO plugin. -->","yoast_head_json":{"title":"Contacto - Stainmobel","robots":{"index":"index","follow":"follow","max-snippet":"max-snippet:-1","max-image-preview":"max-image-preview:large","max-video-preview":"max-video-preview:-1"},"canonical":"https:\/\/stainmobel.com\/index.php\/contacto\/","og_locale":"es_ES","og_type":"article","og_title":"Contacto - Stainmobel","og_description":"Te ayudamos Stainmobel Somos una empresa dedicada a la fabricaci\u00f3n de mobiliario para el hogar y nuestro objetivo es ofrecer [&hellip;]","og_url":"https:\/\/stainmobel.com\/index.php\/contacto\/","og_site_name":"Stainmobel","article_modified_time":"2026-02-27T12:29:13+00:00","og_image":[{"width":1750,"height":1390,"url":"https:\/\/stainmobel.com\/wp-content\/uploads\/2026\/02\/Ambiente-03-02-scaled-e1772019179320.webp","type":"image\/webp"}],"twitter_card":"summary_large_image","twitter_misc":{"Tiempo de lectura":"1 minuto"},"schema":{"@context":"https:\/\/schema.org","@graph":[{"@type":"WebPage","@id":"https:\/\/stainmobel.com\/index.php\/contacto\/","url":"https:\/\/stainmobel.com\/index.php\/contacto\/","name":"Contacto - Stainmobel","isPartOf":{"@id":"https:\/\/stainmobel.com\/#website"},"primaryImageOfPage":{"@id":"https:\/\/stainmobel.com\/index.php\/contacto\/#primaryimage"},"image":{"@id":"https:\/\/stainmobel.com\/index.php\/contacto\/#primaryimage"},"thumbnailUrl":"https:\/\/stainmobel.com\/wp-content\/uploads\/2026\/02\/Ambiente-03-02-scaled-e1772019179320.webp","datePublished":"2026-02-26T10:17:09+00:00","dateModified":"2026-02-27T12:29:13+00:00","breadcrumb":{"@id":"https:\/\/stainmobel.com\/index.php\/contacto\/#breadcrumb"},"inLanguage":"es","potentialAction":[{"@type":"ReadAction","target":["https:\/\/stainmobel.com\/index.php\/contacto\/"]}]},{"@type":"ImageObject","inLanguage":"es","@id":"https:\/\/stainmobel.com\/index.php\/contacto\/#primaryimage","url":"https:\/\/stainmobel.com\/wp-content\/uploads\/2026\/02\/Ambiente-03-02-scaled-e1772019179320.webp","contentUrl":"https:\/\/stainmobel.com\/wp-content\/uploads\/2026\/02\/Ambiente-03-02-scaled-e1772019179320.webp","width":1750,"height":1390},{"@type":"BreadcrumbList","@id":"https:\/\/stainmobel.com\/index.php\/contacto\/#breadcrumb","itemListElement":[{"@type":"ListItem","position":1,"name":"Portada","item":"https:\/\/stainmobel.com\/"},{"@type":"ListItem","position":2,"name":"Contacto"}]},{"@type":"WebSite","@id":"https:\/\/stainmobel.com\/#website","url":"https:\/\/stainmobel.com\/","name":"Stainmobel","description":"","publisher":{"@id":"https:\/\/stainmobel.com\/#organization"},"potentialAction":[{"@type":"SearchAction","target":{"@type":"EntryPoint","urlTemplate":"https:\/\/stainmobel.com\/?s={search_term_string}"},"query-input":{"@type":"PropertyValueSpecification","valueRequired":true,"valueName":"search_term_string"}}],"inLanguage":"es"},{"@type":"Organization","@id":"https:\/\/stainmobel.com\/#organization","name":"Stainmobel","url":"https:\/\/stainmobel.com\/","logo":{"@type":"ImageObject","inLanguage":"es","@id":"https:\/\/stainmobel.com\/#\/schema\/logo\/image\/","url":"https:\/\/stainmobel.com\/wp-content\/uploads\/2026\/02\/cropped-logo-StainMobel-2021-Rosa-scaled-1.webp","contentUrl":"https:\/\/stainmobel.com\/wp-content\/uploads\/2026\/02\/cropped-logo-StainMobel-2021-Rosa-scaled-1.webp","width":2560,"height":807,"caption":"Stainmobel"},"image":{"@id":"https:\/\/stainmobel.com\/#\/schema\/logo\/image\/"}}]}},"_links":{"self":[{"href":"https:\/\/stainmobel.com\/index.php\/wp-json\/wp\/v2\/pages\/448","targetHints":{"allow":["GET"]}}],"collection":[{"href":"https:\/\/stainmobel.com\/index.php\/wp-json\/wp\/v2\/pages"}],"about":[{"href":"https:\/\/stainmobel.com\/index.php\/wp-json\/wp\/v2\/types\/page"}],"author":[{"embeddable":true,"href":"https:\/\/stainmobel.com\/index.php\/wp-json\/wp\/v2\/users\/1"}],"replies":[{"embeddable":true,"href":"https:\/\/stainmobel.com\/index.php\/wp-json\/wp\/v2\/comments?post=448"}],"version-history":[{"count":25,"href":"https:\/\/stainmobel.com\/index.php\/wp-json\/wp\/v2\/pages\/448\/revisions"}],"predecessor-version":[{"id":702,"href":"https:\/\/stainmobel.com\/index.php\/wp-json\/wp\/v2\/pages\/448\/revisions\/702"}],"wp:attachment":[{"href":"https:\/\/stainmobel.com\/index.php\/wp-json\/wp\/v2\/media?parent=448"}],"curies":[{"name":"wp","href":"https:\/\/api.w.org\/{rel}","templated":true}]}}