{"id":835,"date":"2026-03-13T10:04:03","date_gmt":"2026-03-13T10:04:03","guid":{"rendered":"https:\/\/stainmobel.com\/?page_id=835"},"modified":"2026-03-13T11:51:48","modified_gmt":"2026-03-13T11:51:48","slug":"consigue-tu-catalogo","status":"publish","type":"page","link":"https:\/\/stainmobel.com\/index.php\/consigue-tu-catalogo\/","title":{"rendered":"Consigue tu cat\u00e1logo"},"content":{"rendered":"\t\t<div data-elementor-type=\"wp-page\" data-elementor-id=\"835\" class=\"elementor elementor-835\" data-elementor-post-type=\"page\">\n\t\t\t\t<div class=\"elementor-element elementor-element-28375ca e-flex e-con-boxed e-con e-parent\" data-id=\"28375ca\" data-element_type=\"container\" data-e-type=\"container\">\n\t\t\t\t\t<div class=\"e-con-inner\">\n\t\t\t\t<div class=\"elementor-element elementor-element-c500667 elementor-widget elementor-widget-heading\" data-id=\"c500667\" data-element_type=\"widget\" data-e-type=\"widget\" data-widget_type=\"heading.default\">\n\t\t\t\t\t<h4 class=\"elementor-heading-title elementor-size-default\">DESCARGAS<\/h4>\t\t\t\t<\/div>\n\t\t\t\t<div class=\"elementor-element elementor-element-c7f863f elementor-widget elementor-widget-heading\" data-id=\"c7f863f\" data-element_type=\"widget\" data-e-type=\"widget\" data-widget_type=\"heading.default\">\n\t\t\t\t\t<h1 class=\"elementor-heading-title elementor-size-default\">Consigue tu cat\u00e1logo<\/h1>\t\t\t\t<\/div>\n\t\t\t\t\t<\/div>\n\t\t\t\t<\/div>\n\t\t<div class=\"elementor-element elementor-element-e9279bc e-con-full e-flex e-con e-parent\" data-id=\"e9279bc\" data-element_type=\"container\" data-e-type=\"container\">\n\t\t<div class=\"elementor-element elementor-element-54cbc43 e-con-full e-flex e-con e-child\" data-id=\"54cbc43\" data-element_type=\"container\" data-e-type=\"container\">\n\t\t<div class=\"elementor-element elementor-element-38cdc6b e-con-full e-flex e-con e-child\" data-id=\"38cdc6b\" data-element_type=\"container\" data-e-type=\"container\">\n\t\t<div class=\"elementor-element elementor-element-27ef556 e-con-full e-flex e-con e-child\" data-id=\"27ef556\" data-element_type=\"container\" data-e-type=\"container\">\n\t\t\t\t<div class=\"elementor-element elementor-element-a74602d elementor-widget elementor-widget-heading\" data-id=\"a74602d\" data-element_type=\"widget\" data-e-type=\"widget\" data-widget_type=\"heading.default\">\n\t\t\t\t\t<h2 class=\"elementor-heading-title elementor-size-default\">\u00bfQuieres descargarte\nnuestros cat\u00e1logos?<\/h2>\t\t\t\t<\/div>\n\t\t\t\t<div class=\"elementor-element elementor-element-bd9ba0e elementor-widget elementor-widget-heading\" data-id=\"bd9ba0e\" data-element_type=\"widget\" data-e-type=\"widget\" data-widget_type=\"heading.default\">\n\t\t\t\t\t<h4 class=\"elementor-heading-title elementor-size-default\">Cu\u00e9ntanos qu\u00e9 necesitas y te asesoraremos para encontrar la soluci\u00f3n de mobiliario que mejor se adapte a tu espacio.<\/h4>\t\t\t\t<\/div>\n\t\t\t\t<\/div>\n\t\t\t\t<\/div>\n\t\t<div class=\"elementor-element elementor-element-22de2ce e-con-full e-flex e-con e-child\" data-id=\"22de2ce\" data-element_type=\"container\" data-e-type=\"container\">\n\t\t\t\t<div class=\"elementor-element elementor-element-6dd7ab9 elementor-button-align-end elementor-widget elementor-widget-form\" data-id=\"6dd7ab9\" data-element_type=\"widget\" data-e-type=\"widget\" data-settings=\"{&quot;step_next_label&quot;:&quot;Siguiente&quot;,&quot;step_previous_label&quot;:&quot;Anterior&quot;,&quot;button_width&quot;:&quot;100&quot;,&quot;step_type&quot;:&quot;number_text&quot;,&quot;step_icon_shape&quot;:&quot;circle&quot;}\" data-widget_type=\"form.default\">\n\t\t\t\t\t\t\t<form class=\"elementor-form\" method=\"post\" name=\"Nuevo formulario\" aria-label=\"Nuevo formulario\">\n\t\t\t<input type=\"hidden\" name=\"post_id\" value=\"835\"\/>\n\t\t\t<input type=\"hidden\" name=\"form_id\" value=\"6dd7ab9\"\/>\n\t\t\t<input type=\"hidden\" name=\"referer_title\" value=\"Stainmobel\" \/>\n\n\t\t\t\n\t\t\t<div class=\"elementor-form-fields-wrapper elementor-labels-above\">\n\t\t\t\t\t\t\t\t<div class=\"elementor-field-type-text elementor-field-group elementor-column elementor-field-group-name elementor-col-100 elementor-field-required\">\n\t\t\t\t\t\t\t\t\t\t\t\t\t<input size=\"1\" type=\"text\" name=\"form_fields[name]\" id=\"form-field-name\" class=\"elementor-field elementor-size-lg  elementor-field-textual\" placeholder=\"Nombre\" required=\"required\">\n\t\t\t\t\t\t\t\t\t\t\t<\/div>\n\t\t\t\t\t\t\t\t<div class=\"elementor-field-type-email elementor-field-group elementor-column elementor-field-group-email elementor-col-60 elementor-field-required\">\n\t\t\t\t\t\t\t\t\t\t\t\t\t<input size=\"1\" type=\"email\" name=\"form_fields[email]\" id=\"form-field-email\" class=\"elementor-field elementor-size-lg  elementor-field-textual\" placeholder=\"Correo electr\u00f3nico\" required=\"required\">\n\t\t\t\t\t\t\t\t\t\t\t<\/div>\n\t\t\t\t\t\t\t\t<div class=\"elementor-field-type-tel elementor-field-group elementor-column elementor-field-group-field_7e9d7b7 elementor-col-40 elementor-field-required\">\n\t\t\t\t\t\t\t<input size=\"1\" type=\"tel\" name=\"form_fields[field_7e9d7b7]\" id=\"form-field-field_7e9d7b7\" class=\"elementor-field elementor-size-lg  elementor-field-textual\" placeholder=\"Tel\u00e9fono\" required=\"required\" pattern=\"[0-9()#&amp;+*-=.]+\" title=\"Solo se aceptan n\u00fameros y caracteres de tel\u00e9fono (#,-,*,etc).\">\n\n\t\t\t\t\t\t<\/div>\n\t\t\t\t\t\t\t\t<div class=\"elementor-field-type-text elementor-field-group elementor-column elementor-field-group-field_61248b3 elementor-col-100\">\n\t\t\t\t\t\t\t\t\t\t\t\t\t<input size=\"1\" type=\"text\" name=\"form_fields[field_61248b3]\" id=\"form-field-field_61248b3\" class=\"elementor-field elementor-size-lg  elementor-field-textual\" placeholder=\"Direcci\u00f3n\">\n\t\t\t\t\t\t\t\t\t\t\t<\/div>\n\t\t\t\t\t\t\t\t<div class=\"elementor-field-type-select elementor-field-group elementor-column elementor-field-group-message elementor-col-100 elementor-field-required\">\n\t\t\t\t\t\t\t\t\t\t\t\t<label for=\"form-field-message\" class=\"elementor-field-label\">\n\t\t\t\t\t\t\t\tSeleccione cat\u00e1logo\t\t\t\t\t\t\t<\/label>\n\t\t\t\t\t\t\t\t<div class=\"elementor-field elementor-select-wrapper remove-before \">\n\t\t\t<div class=\"select-caret-down-wrapper\">\n\t\t\t\t<svg aria-hidden=\"true\" class=\"e-font-icon-svg e-eicon-caret-down\" viewBox=\"0 0 571.4 571.4\" xmlns=\"http:\/\/www.w3.org\/2000\/svg\"><path d=\"M571 393Q571 407 561 418L311 668Q300 679 286 679T261 668L11 418Q0 407 0 393T11 368 36 357H536Q550 357 561 368T571 393Z\"><\/path><\/svg>\t\t\t<\/div>\n\t\t\t<select name=\"form_fields[message]\" id=\"form-field-message\" class=\"elementor-field-textual elementor-size-lg\" required=\"required\">\n\t\t\t\t\t\t\t\t\t<option value=\"Wild\">Wild<\/option>\n\t\t\t\t\t\t\t\t\t<option value=\"Boheme d\u00eda\">Boheme d\u00eda<\/option>\n\t\t\t\t\t\t\t\t\t<option value=\"Boheme noche\">Boheme noche<\/option>\n\t\t\t\t\t\t\t\t\t<option value=\"Anna\">Anna<\/option>\n\t\t\t\t\t\t\t\t\t<option value=\"Etnico\">Etnico<\/option>\n\t\t\t\t\t\t\t\t\t<option value=\"Tocadores\">Tocadores<\/option>\n\t\t\t\t\t\t\t\t\t<option value=\"Todos\">Todos<\/option>\n\t\t\t\t\t\t\t<\/select>\n\t\t<\/div>\n\t\t\t\t\t\t<\/div>\n\t\t\t\t\t\t\t\t<div class=\"elementor-field-type-acceptance elementor-field-group elementor-column elementor-field-group-field_04dccde elementor-col-100 elementor-field-required\">\n\t\t\t\t\t\t\t<div class=\"elementor-field-subgroup\">\n\t\t\t<span class=\"elementor-field-option\">\n\t\t\t\t<input type=\"checkbox\" name=\"form_fields[field_04dccde]\" id=\"form-field-field_04dccde\" class=\"elementor-field elementor-size-lg  elementor-acceptance-field\" required=\"required\">\n\t\t\t\t<label for=\"form-field-field_04dccde\">He le\u00eddo y estoy de acuerdo con la pol\u00edtica de privacidad<\/label>\t\t\t<\/span>\n\t\t<\/div>\n\t\t\t\t\t\t<\/div>\n\t\t\t\t\t\t\t\t<div class=\"elementor-field-type-text\">\n\t\t\t\t\t<input size=\"1\" type=\"text\" name=\"form_fields[field_91dfbf3]\" id=\"form-field-field_91dfbf3\" class=\"elementor-field elementor-size-lg \" style=\"display:none !important;\">\t\t\t\t<\/div>\n\t\t\t\t\t\t\t\t<div class=\"elementor-field-type-recaptcha_v3 elementor-field-group elementor-column elementor-field-group-field_0312b2b elementor-col-100 recaptcha_v3-bottomright\">\n\t\t\t\t\t<div class=\"elementor-field\" id=\"form-field-field_0312b2b\"><\/div>\t\t\t\t<\/div>\n\t\t\t\t\t\t\t\t<div class=\"elementor-field-group elementor-column elementor-field-type-submit elementor-col-100 e-form__buttons\">\n\t\t\t\t\t<button class=\"elementor-button elementor-size-sm elementor-animation-grow\" type=\"submit\">\n\t\t\t\t\t\t<span class=\"elementor-button-content-wrapper\">\n\t\t\t\t\t\t\t\t\t\t\t\t\t\t\t\t\t\t\t\t\t\t<span class=\"elementor-button-text\">Enviar<\/span>\n\t\t\t\t\t\t\t\t\t\t\t\t\t<\/span>\n\t\t\t\t\t<\/button>\n\t\t\t\t<\/div>\n\t\t\t<\/div>\n\t\t<\/form>\n\t\t\t\t\t\t<\/div>\n\t\t\t\t<\/div>\n\t\t<div class=\"elementor-element elementor-element-bda5555 e-con-full e-flex e-con e-child\" data-id=\"bda5555\" data-element_type=\"container\" data-e-type=\"container\">\n\t\t\t\t<div class=\"elementor-element elementor-element-a5c6c51 elementor-widget elementor-widget-heading\" data-id=\"a5c6c51\" data-element_type=\"widget\" data-e-type=\"widget\" data-widget_type=\"heading.default\">\n\t\t\t\t\t<h2 class=\"elementor-heading-title elementor-size-default\">\u00bfYa tienes tus claves de descarga?<\/h2>\t\t\t\t<\/div>\n\t\t\t\t<div class=\"elementor-element elementor-element-4405b4c elementor-widget elementor-widget-heading\" data-id=\"4405b4c\" data-element_type=\"widget\" data-e-type=\"widget\" data-widget_type=\"heading.default\">\n\t\t\t\t\t<h4 class=\"elementor-heading-title elementor-size-default\">Entonces accede al \u00e1rea de descargas e introduce las contrase\u00f1as para descargar el cat\u00e1logo que necesites.<\/h4>\t\t\t\t<\/div>\n\t\t\t\t<div class=\"elementor-element elementor-element-68ea713 elementor-align-right elementor-widget elementor-widget-button\" data-id=\"68ea713\" data-element_type=\"widget\" data-e-type=\"widget\" data-widget_type=\"button.default\">\n\t\t\t\t\t\t\t\t\t\t<a class=\"elementor-button elementor-button-link elementor-size-sm elementor-animation-grow\" href=\"https:\/\/stainmobel.com\/index.php\/descargas\/\">\n\t\t\t\t\t\t<span class=\"elementor-button-content-wrapper\">\n\t\t\t\t\t\t<span class=\"elementor-button-icon\">\n\t\t\t\t<svg aria-hidden=\"true\" class=\"e-font-icon-svg e-far-arrow-alt-circle-down\" viewBox=\"0 0 512 512\" xmlns=\"http:\/\/www.w3.org\/2000\/svg\"><path d=\"M256 8C119 8 8 119 8 256s111 248 248 248 248-111 248-248S393 8 256 8zm0 448c-110.5 0-200-89.5-200-200S145.5 56 256 56s200 89.5 200 200-89.5 200-200 200zm-32-316v116h-67c-10.7 0-16 12.9-8.5 20.5l99 99c4.7 4.7 12.3 4.7 17 0l99-99c7.6-7.6 2.2-20.5-8.5-20.5h-67V140c0-6.6-5.4-12-12-12h-40c-6.6 0-12 5.4-12 12z\"><\/path><\/svg>\t\t\t<\/span>\n\t\t\t\t\t\t\t\t\t<span class=\"elementor-button-text\">Ir a descargas<\/span>\n\t\t\t\t\t<\/span>\n\t\t\t\t\t<\/a>\n\t\t\t\t\t\t\t\t<\/div>\n\t\t\t\t<\/div>\n\t\t\t\t<\/div>\n\t\t<div class=\"elementor-element elementor-element-1d0c6c0 e-con-full e-flex e-con e-child\" data-id=\"1d0c6c0\" data-element_type=\"container\" data-e-type=\"container\" data-settings=\"{&quot;background_background&quot;:&quot;classic&quot;}\">\n\t\t\t\t<\/div>\n\t\t\t\t<\/div>\n\t\t\t\t<\/div>\n\t\t","protected":false},"excerpt":{"rendered":"<p>DESCARGAS Consigue tu cat\u00e1logo \u00bfQuieres descargarte nuestros cat\u00e1logos? Cu\u00e9ntanos qu\u00e9 necesitas y te asesoraremos para encontrar la soluci\u00f3n de mobiliario [&hellip;]<\/p>\n","protected":false},"author":1,"featured_media":0,"parent":0,"menu_order":0,"comment_status":"closed","ping_status":"closed","template":"elementor_header_footer","meta":{"site-sidebar-layout":"no-sidebar","site-content-layout":"","ast-site-content-layout":"normal-width-container","site-content-style":"unboxed","site-sidebar-style":"default","ast-global-header-display":"","ast-banner-title-visibility":"","ast-main-header-display":"","ast-hfb-above-header-display":"","ast-hfb-below-header-display":"","ast-hfb-mobile-header-display":"","site-post-title":"","ast-breadcrumbs-content":"","ast-featured-img":"disabled","footer-sml-layout":"","ast-disable-related-posts":"","theme-transparent-header-meta":"default","adv-header-id-meta":"","stick-header-meta":"","header-above-stick-meta":"","header-main-stick-meta":"","header-below-stick-meta":"","astra-migrate-meta-layouts":"set","ast-page-background-enabled":"default","ast-page-background-meta":{"desktop":{"background-color":"var(--ast-global-color-5)","background-image":"","background-repeat":"repeat","background-position":"center center","background-size":"auto","background-attachment":"scroll","background-type":"","background-media":"","overlay-type":"","overlay-color":"","overlay-opacity":"","overlay-gradient":""},"tablet":{"background-color":"","background-image":"","background-repeat":"repeat","background-position":"center center","background-size":"auto","background-attachment":"scroll","background-type":"","background-media":"","overlay-type":"","overlay-color":"","overlay-opacity":"","overlay-gradient":""},"mobile":{"background-color":"","background-image":"","background-repeat":"repeat","background-position":"center center","background-size":"auto","background-attachment":"scroll","background-type":"","background-media":"","overlay-type":"","overlay-color":"","overlay-opacity":"","overlay-gradient":""}},"ast-content-background-meta":{"desktop":{"background-color":"var(--ast-global-color-4)","background-image":"","background-repeat":"repeat","background-position":"center center","background-size":"auto","background-attachment":"scroll","background-type":"","background-media":"","overlay-type":"","overlay-color":"","overlay-opacity":"","overlay-gradient":""},"tablet":{"background-color":"var(--ast-global-color-4)","background-image":"","background-repeat":"repeat","background-position":"center center","background-size":"auto","background-attachment":"scroll","background-type":"","background-media":"","overlay-type":"","overlay-color":"","overlay-opacity":"","overlay-gradient":""},"mobile":{"background-color":"var(--ast-global-color-4)","background-image":"","background-repeat":"repeat","background-position":"center center","background-size":"auto","background-attachment":"scroll","background-type":"","background-media":"","overlay-type":"","overlay-color":"","overlay-opacity":"","overlay-gradient":""}},"footnotes":""},"class_list":["post-835","page","type-page","status-publish","hentry"],"yoast_head":"<!-- This site is optimized with the Yoast SEO plugin v27.2 - https:\/\/yoast.com\/product\/yoast-seo-wordpress\/ -->\n<title>Consigue tu cat\u00e1logo - Stainmobel<\/title>\n<meta name=\"robots\" content=\"index, follow, max-snippet:-1, max-image-preview:large, max-video-preview:-1\" \/>\n<link rel=\"canonical\" href=\"https:\/\/stainmobel.com\/index.php\/consigue-tu-catalogo\/\" \/>\n<meta property=\"og:locale\" content=\"es_ES\" \/>\n<meta property=\"og:type\" content=\"article\" \/>\n<meta property=\"og:title\" content=\"Consigue tu cat\u00e1logo - Stainmobel\" \/>\n<meta property=\"og:description\" content=\"DESCARGAS Consigue tu cat\u00e1logo \u00bfQuieres descargarte nuestros cat\u00e1logos? Cu\u00e9ntanos qu\u00e9 necesitas y te asesoraremos para encontrar la soluci\u00f3n de mobiliario [&hellip;]\" \/>\n<meta property=\"og:url\" content=\"https:\/\/stainmobel.com\/index.php\/consigue-tu-catalogo\/\" \/>\n<meta property=\"og:site_name\" content=\"Stainmobel\" \/>\n<meta property=\"article:modified_time\" content=\"2026-03-13T11:51:48+00:00\" \/>\n<meta name=\"twitter:card\" content=\"summary_large_image\" \/>\n<meta name=\"twitter:label1\" content=\"Tiempo de lectura\" \/>\n\t<meta name=\"twitter:data1\" content=\"1 minuto\" \/>\n<script type=\"application\/ld+json\" class=\"yoast-schema-graph\">{\"@context\":\"https:\/\/schema.org\",\"@graph\":[{\"@type\":\"WebPage\",\"@id\":\"https:\/\/stainmobel.com\/index.php\/consigue-tu-catalogo\/\",\"url\":\"https:\/\/stainmobel.com\/index.php\/consigue-tu-catalogo\/\",\"name\":\"Consigue tu cat\u00e1logo - Stainmobel\",\"isPartOf\":{\"@id\":\"https:\/\/stainmobel.com\/#website\"},\"datePublished\":\"2026-03-13T10:04:03+00:00\",\"dateModified\":\"2026-03-13T11:51:48+00:00\",\"breadcrumb\":{\"@id\":\"https:\/\/stainmobel.com\/index.php\/consigue-tu-catalogo\/#breadcrumb\"},\"inLanguage\":\"es\",\"potentialAction\":[{\"@type\":\"ReadAction\",\"target\":[\"https:\/\/stainmobel.com\/index.php\/consigue-tu-catalogo\/\"]}]},{\"@type\":\"BreadcrumbList\",\"@id\":\"https:\/\/stainmobel.com\/index.php\/consigue-tu-catalogo\/#breadcrumb\",\"itemListElement\":[{\"@type\":\"ListItem\",\"position\":1,\"name\":\"Portada\",\"item\":\"https:\/\/stainmobel.com\/\"},{\"@type\":\"ListItem\",\"position\":2,\"name\":\"Consigue tu cat\u00e1logo\"}]},{\"@type\":\"WebSite\",\"@id\":\"https:\/\/stainmobel.com\/#website\",\"url\":\"https:\/\/stainmobel.com\/\",\"name\":\"Stainmobel\",\"description\":\"\",\"publisher\":{\"@id\":\"https:\/\/stainmobel.com\/#organization\"},\"potentialAction\":[{\"@type\":\"SearchAction\",\"target\":{\"@type\":\"EntryPoint\",\"urlTemplate\":\"https:\/\/stainmobel.com\/?s={search_term_string}\"},\"query-input\":{\"@type\":\"PropertyValueSpecification\",\"valueRequired\":true,\"valueName\":\"search_term_string\"}}],\"inLanguage\":\"es\"},{\"@type\":\"Organization\",\"@id\":\"https:\/\/stainmobel.com\/#organization\",\"name\":\"Stainmobel\",\"url\":\"https:\/\/stainmobel.com\/\",\"logo\":{\"@type\":\"ImageObject\",\"inLanguage\":\"es\",\"@id\":\"https:\/\/stainmobel.com\/#\/schema\/logo\/image\/\",\"url\":\"https:\/\/stainmobel.com\/wp-content\/uploads\/2026\/02\/cropped-logo-StainMobel-2021-Rosa-scaled-1.webp\",\"contentUrl\":\"https:\/\/stainmobel.com\/wp-content\/uploads\/2026\/02\/cropped-logo-StainMobel-2021-Rosa-scaled-1.webp\",\"width\":2560,\"height\":807,\"caption\":\"Stainmobel\"},\"image\":{\"@id\":\"https:\/\/stainmobel.com\/#\/schema\/logo\/image\/\"}}]}<\/script>\n<!-- \/ Yoast SEO plugin. -->","yoast_head_json":{"title":"Consigue tu cat\u00e1logo - Stainmobel","robots":{"index":"index","follow":"follow","max-snippet":"max-snippet:-1","max-image-preview":"max-image-preview:large","max-video-preview":"max-video-preview:-1"},"canonical":"https:\/\/stainmobel.com\/index.php\/consigue-tu-catalogo\/","og_locale":"es_ES","og_type":"article","og_title":"Consigue tu cat\u00e1logo - Stainmobel","og_description":"DESCARGAS Consigue tu cat\u00e1logo \u00bfQuieres descargarte nuestros cat\u00e1logos? Cu\u00e9ntanos qu\u00e9 necesitas y te asesoraremos para encontrar la soluci\u00f3n de mobiliario [&hellip;]","og_url":"https:\/\/stainmobel.com\/index.php\/consigue-tu-catalogo\/","og_site_name":"Stainmobel","article_modified_time":"2026-03-13T11:51:48+00:00","twitter_card":"summary_large_image","twitter_misc":{"Tiempo de lectura":"1 minuto"},"schema":{"@context":"https:\/\/schema.org","@graph":[{"@type":"WebPage","@id":"https:\/\/stainmobel.com\/index.php\/consigue-tu-catalogo\/","url":"https:\/\/stainmobel.com\/index.php\/consigue-tu-catalogo\/","name":"Consigue tu cat\u00e1logo - Stainmobel","isPartOf":{"@id":"https:\/\/stainmobel.com\/#website"},"datePublished":"2026-03-13T10:04:03+00:00","dateModified":"2026-03-13T11:51:48+00:00","breadcrumb":{"@id":"https:\/\/stainmobel.com\/index.php\/consigue-tu-catalogo\/#breadcrumb"},"inLanguage":"es","potentialAction":[{"@type":"ReadAction","target":["https:\/\/stainmobel.com\/index.php\/consigue-tu-catalogo\/"]}]},{"@type":"BreadcrumbList","@id":"https:\/\/stainmobel.com\/index.php\/consigue-tu-catalogo\/#breadcrumb","itemListElement":[{"@type":"ListItem","position":1,"name":"Portada","item":"https:\/\/stainmobel.com\/"},{"@type":"ListItem","position":2,"name":"Consigue tu cat\u00e1logo"}]},{"@type":"WebSite","@id":"https:\/\/stainmobel.com\/#website","url":"https:\/\/stainmobel.com\/","name":"Stainmobel","description":"","publisher":{"@id":"https:\/\/stainmobel.com\/#organization"},"potentialAction":[{"@type":"SearchAction","target":{"@type":"EntryPoint","urlTemplate":"https:\/\/stainmobel.com\/?s={search_term_string}"},"query-input":{"@type":"PropertyValueSpecification","valueRequired":true,"valueName":"search_term_string"}}],"inLanguage":"es"},{"@type":"Organization","@id":"https:\/\/stainmobel.com\/#organization","name":"Stainmobel","url":"https:\/\/stainmobel.com\/","logo":{"@type":"ImageObject","inLanguage":"es","@id":"https:\/\/stainmobel.com\/#\/schema\/logo\/image\/","url":"https:\/\/stainmobel.com\/wp-content\/uploads\/2026\/02\/cropped-logo-StainMobel-2021-Rosa-scaled-1.webp","contentUrl":"https:\/\/stainmobel.com\/wp-content\/uploads\/2026\/02\/cropped-logo-StainMobel-2021-Rosa-scaled-1.webp","width":2560,"height":807,"caption":"Stainmobel"},"image":{"@id":"https:\/\/stainmobel.com\/#\/schema\/logo\/image\/"}}]}},"_links":{"self":[{"href":"https:\/\/stainmobel.com\/index.php\/wp-json\/wp\/v2\/pages\/835","targetHints":{"allow":["GET"]}}],"collection":[{"href":"https:\/\/stainmobel.com\/index.php\/wp-json\/wp\/v2\/pages"}],"about":[{"href":"https:\/\/stainmobel.com\/index.php\/wp-json\/wp\/v2\/types\/page"}],"author":[{"embeddable":true,"href":"https:\/\/stainmobel.com\/index.php\/wp-json\/wp\/v2\/users\/1"}],"replies":[{"embeddable":true,"href":"https:\/\/stainmobel.com\/index.php\/wp-json\/wp\/v2\/comments?post=835"}],"version-history":[{"count":13,"href":"https:\/\/stainmobel.com\/index.php\/wp-json\/wp\/v2\/pages\/835\/revisions"}],"predecessor-version":[{"id":901,"href":"https:\/\/stainmobel.com\/index.php\/wp-json\/wp\/v2\/pages\/835\/revisions\/901"}],"wp:attachment":[{"href":"https:\/\/stainmobel.com\/index.php\/wp-json\/wp\/v2\/media?parent=835"}],"curies":[{"name":"wp","href":"https:\/\/api.w.org\/{rel}","templated":true}]}}